{"id":4091,"date":"2023-02-05T20:50:12","date_gmt":"2023-02-06T00:50:12","guid":{"rendered":"https:\/\/logos.edu.do\/wp21\/?page_id=4091"},"modified":"2025-09-08T11:03:25","modified_gmt":"2025-09-08T15:03:25","slug":"testimonios","status":"publish","type":"page","link":"https:\/\/logos.edu.do\/wp21\/testimonios\/","title":{"rendered":"Testimonios"},"content":{"rendered":"<p>[vc_row][vc_column][stm_spacing lg_spacing=\u00bb30&#8243; md_spacing=\u00bb20&#8243; sm_spacing=\u00bb10&#8243; xs_spacing=\u00bb10&#8243;][\/vc_column][\/vc_row][vc_row][vc_column width=\u00bb1\/2&#8243;][vc_video link=\u00bbhttps:\/\/youtu.be\/T8j6JymeEtE\u00bb][vc_video link=\u00bbhttps:\/\/youtu.be\/NKtc_Vmw5Xo\u00bb][\/vc_column][vc_column width=\u00bb1\/2&#8243;][stm_title subtitle_color=\u00bbdark-gray\u00bb subtitle_enable=\u00bbtrue\u00bb title=\u00bbNuestros padres hablan\u00bb subtitle_font_size=\u00bb12&#8243; subtitle_line_height=\u00bb1.2&#8243;][\/stm_title][vc_column_text]Creemos firmemente en que la responsabilidad primaria de la educaci\u00f3n de los hijos descansa en los padres, a quienes Dios los ha encomendado.<\/p>\n<p>Nuestra misi\u00f3n consiste en asistir a esos padres cristianos en la tarea de entrenar efectivamente a sus hijos para la vida presente y la venidera.<\/p>\n<p>El Se\u00f1or nos ha dado el gozo de poder escuchar a trav\u00e9s de los a\u00f1os como esos padres testifican haberse sentido \u201casistidos\u201d por nuestro colegio y nos motivan a seguir haciendo nuestra tarea con pasi\u00f3n y denuedo.[\/vc_column_text][vc_empty_space][\/vc_column][\/vc_row][vc_row full_width=\u00bbstretch_row\u00bb css=\u00bb.vc_custom_1642431237719{background-color: #eaeaea !important;background-position: center !important;background-repeat: no-repeat !important;background-size: cover !important;}\u00bb][vc_column width=\u00bb1\/2&#8243;][stm_title subtitle_color=\u00bbdark-gray\u00bb subtitle_enable=\u00bbtrue\u00bb title=\u00bbNuestros profesores\u00bb subtitle_font_size=\u00bb12&#8243; subtitle_line_height=\u00bb1.2&#8243;][\/stm_title][vc_column_text]Nuestros profesores comparten la carga de entender que estamos formando los pensadores del futuro desde una cosmovisi\u00f3n b\u00edblica.<\/p>\n<p>Ellos tienen una gran oportunidad de avanzar el reino de Dios trabajando en sus estudiantes desde una temprana edad predicando el mensaje del evangelio compartiendo y memorizando la palabra de Dios junto con el conocimiento de las ciencias y las artes de manera que nuestros alumnos puedan cumplir con sabidur\u00eda el mandato cultural de ser l\u00edderes utilizando un enfoque b\u00edblico.[\/vc_column_text][\/vc_column][vc_column width=\u00bb1\/2&#8243;][vc_video link=\u00bbhttps:\/\/youtu.be\/9961eBysOW4&#8243;][vc_video link=\u00bbhttps:\/\/youtu.be\/qEnI1DTv7m0&#8243;][\/vc_column][\/vc_row][vc_row][vc_column][stm_title title_align=\u00bbcenter\u00bb sep_enable=\u00bbtrue\u00bb title=\u00bbNuestros Egresados\u00bb][\/stm_title][\/vc_column][\/vc_row][vc_row][vc_column width=\u00bb1\/2&#8243;][vc_video link=\u00bbhttps:\/\/youtu.be\/GVHCpYQ-Ccc\u00bb][\/vc_column][vc_column width=\u00bb1\/2&#8243;][vc_column_text]A lo largo de los a\u00f1os, hemos visto como a Dios le ha placido premiarnos al ver a muchos de nuestros graduados viviendo acorde a los principios b\u00edblicos que aprendieron en el LOGOS.<\/p>\n<p>Hombres y mujeres que marcan la diferencia en su \u00e1mbito de influencia, que han podido realizarse como profesionales capaces y que han podido ser sal y luz donde el Se\u00f1or los ha llevado.<\/p>\n<p>En estos \u00faltimos a\u00f1os hemos estado disfrutando de recibir en nuestras aulas a los hijos de nuestros graduados! Una oportunidad gloriosa de poder trabajar con una segunda generaci\u00f3n de estudiantes LOGOS.[\/vc_column_text][\/vc_column][\/vc_row]<\/p>\n","protected":false},"excerpt":{"rendered":"<p>[vc_row][vc_column][stm_spacing lg_spacing=\u00bb30&#8243; md_spacing=\u00bb20&#8243; sm_spacing=\u00bb10&#8243; xs_spacing=\u00bb10&#8243;][\/vc_column][\/vc_row][vc_row][vc_column width=\u00bb1\/2&#8243;][vc_video link=\u00bbhttps:\/\/youtu.be\/T8j6JymeEtE\u00bb][vc_video link=\u00bbhttps:\/\/youtu.be\/NKtc_Vmw5Xo\u00bb][\/vc_column][vc_column width=\u00bb1\/2&#8243;][stm_title subtitle_color=\u00bbdark-gray\u00bb subtitle_enable=\u00bbtrue\u00bb title=\u00bbNuestros padres hablan\u00bb subtitle_font_size=\u00bb12&#8243; subtitle_line_height=\u00bb1.2&#8243;][\/stm_title][vc_column_text]Creemos firmemente en que la responsabilidad primaria de la educaci\u00f3n de los hijos descansa en los padres, a quienes Dios los ha encomendado. Nuestra misi\u00f3n consiste en asistir a esos padres cristianos en la tarea de entrenar efectivamente a sus [&hellip;]<\/p>\n","protected":false},"author":1,"featured_media":0,"parent":0,"menu_order":0,"comment_status":"closed","ping_status":"closed","template":"","meta":{"footnotes":""},"class_list":["post-4091","page","type-page","status-publish","hentry"],"_links":{"self":[{"href":"https:\/\/logos.edu.do\/wp21\/wp-json\/wp\/v2\/pages\/4091","targetHints":{"allow":["GET"]}}],"collection":[{"href":"https:\/\/logos.edu.do\/wp21\/wp-json\/wp\/v2\/pages"}],"about":[{"href":"https:\/\/logos.edu.do\/wp21\/wp-json\/wp\/v2\/types\/page"}],"author":[{"embeddable":true,"href":"https:\/\/logos.edu.do\/wp21\/wp-json\/wp\/v2\/users\/1"}],"replies":[{"embeddable":true,"href":"https:\/\/logos.edu.do\/wp21\/wp-json\/wp\/v2\/comments?post=4091"}],"version-history":[{"count":10,"href":"https:\/\/logos.edu.do\/wp21\/wp-json\/wp\/v2\/pages\/4091\/revisions"}],"predecessor-version":[{"id":4101,"href":"https:\/\/logos.edu.do\/wp21\/wp-json\/wp\/v2\/pages\/4091\/revisions\/4101"}],"wp:attachment":[{"href":"https:\/\/logos.edu.do\/wp21\/wp-json\/wp\/v2\/media?parent=4091"}],"curies":[{"name":"wp","href":"https:\/\/api.w.org\/{rel}","templated":true}]}}