{"id":3867,"date":"2022-01-25T23:28:50","date_gmt":"2022-01-26T03:28:50","guid":{"rendered":"http:\/\/logos.edu.do\/wp21\/?page_id=3867"},"modified":"2025-01-23T11:29:55","modified_gmt":"2025-01-23T15:29:55","slug":"contenidos-para-examen-de-admision","status":"publish","type":"page","link":"https:\/\/logos.edu.do\/wp21\/contenidos-para-examen-de-admision\/","title":{"rendered":"Contenidos para Examen de Admisi\u00f3n"},"content":{"rendered":"<p>[vc_row][vc_column][stm_spacing lg_spacing=\u00bb30&#8243; md_spacing=\u00bb20&#8243; sm_spacing=\u00bb10&#8243; xs_spacing=\u00bb10&#8243;][\/vc_column][\/vc_row][vc_row][vc_column][vc_column_text]<\/p>\n<h3>Primaria<\/h3>\n<p>Contenido aplicantes a 1ro de Primaria <a href=\"https:\/\/logos.edu.do\/wp21\/wp-content\/uploads\/2023\/01\/ContenidoAplicantesA1roPrimaria.pdf\">DESCARGAR AQU\u00cd<\/a><\/p>\n<p>Contenido aplicantes a 2do de Primaria <a href=\"https:\/\/logos.edu.do\/wp21\/wp-content\/uploads\/2023\/01\/ContenidoAplicantesA2doPrimaria.pdf\">DESCARGAR AQU\u00cd<\/a><\/p>\n<p>Contenido aplicantes a 3ro de Primaria <a href=\"https:\/\/logos.edu.do\/wp21\/wp-content\/uploads\/2023\/01\/ContenidoAplicantesA3roPrimaria.pdf\">DESCARGAR AQU\u00cd<\/a><\/p>\n<p>Contenido aplicantes a 4to de Primaria <a href=\"https:\/\/logos.edu.do\/wp21\/wp-content\/uploads\/2025\/01\/ContenidoAplicantesA4toPrimaria.pdf\">DESCARGAR AQU\u00cd<\/a><\/p>\n<p>Contenido aplicantes a 5to de Primaria <a href=\"https:\/\/logos.edu.do\/wp21\/wp-content\/uploads\/2025\/01\/ContenidoAplicantesA5toPrimaria.pdf\">DESCARGAR AQU\u00cd<\/a><\/p>\n<p>Contenido aplicantes a 6to de Primaria <a href=\"https:\/\/logos.edu.do\/wp21\/wp-content\/uploads\/2025\/01\/ContenidoAplicantesA6toPrimaria.pdf\">DESCARGAR AQU\u00cd<\/a><\/p>\n<h3>Secundaria<\/h3>\n<p>Contenido aplicantes a 1ro de Secundaria <a href=\"https:\/\/logos.edu.do\/wp21\/wp-content\/uploads\/2025\/01\/ContenidoAplicantesA1roSecundaria.pdf\">DESCARGAR AQU\u00cd<\/a><\/p>\n<p>Contenido aplicantes a 2do de Secundaria <a href=\"https:\/\/logos.edu.do\/wp21\/wp-content\/uploads\/2025\/01\/ContenidoAplicantesA2doSecundaria.pdf\">DESCARGAR AQU\u00cd<\/a><\/p>\n<p>Contenido aplicantes a 3ro de Secundaria <a href=\"https:\/\/logos.edu.do\/wp21\/wp-content\/uploads\/2025\/01\/ContenidoAplicantesA3roSecundaria.pdf\">DESCARGAR AQU\u00cd<\/a><\/p>\n<p>Contenido aplicantes a 4to de Secundaria <a href=\"https:\/\/logos.edu.do\/wp21\/wp-content\/uploads\/2025\/01\/ContenidoAplicantesA4toSecundaria.pdf\">DESCARGAR AQU\u00cd<\/a><\/p>\n<p>Contenido aplicantes a 5to de Secundaria <a href=\"https:\/\/logos.edu.do\/wp21\/wp-content\/uploads\/2025\/01\/ContenidoAplicantesA5toSecundaria.pdf\">DESCARGAR AQU\u00cd<\/a>[\/vc_column_text][\/vc_column][\/vc_row]<\/p>\n","protected":false},"excerpt":{"rendered":"<p>[vc_row][vc_column][stm_spacing lg_spacing=\u00bb30&#8243; md_spacing=\u00bb20&#8243; sm_spacing=\u00bb10&#8243; xs_spacing=\u00bb10&#8243;][\/vc_column][\/vc_row][vc_row][vc_column][vc_column_text] Primaria Contenido aplicantes a 1ro de Primaria DESCARGAR AQU\u00cd Contenido aplicantes a 2do de Primaria DESCARGAR AQU\u00cd Contenido aplicantes a 3ro de Primaria DESCARGAR AQU\u00cd Contenido aplicantes a 4to de Primaria DESCARGAR AQU\u00cd Contenido aplicantes a 5to de Primaria DESCARGAR AQU\u00cd Contenido aplicantes a 6to de Primaria DESCARGAR AQU\u00cd Secundaria [&hellip;]<\/p>\n","protected":false},"author":1,"featured_media":0,"parent":0,"menu_order":0,"comment_status":"closed","ping_status":"closed","template":"","meta":{"footnotes":""},"class_list":["post-3867","page","type-page","status-publish","hentry"],"_links":{"self":[{"href":"https:\/\/logos.edu.do\/wp21\/wp-json\/wp\/v2\/pages\/3867","targetHints":{"allow":["GET"]}}],"collection":[{"href":"https:\/\/logos.edu.do\/wp21\/wp-json\/wp\/v2\/pages"}],"about":[{"href":"https:\/\/logos.edu.do\/wp21\/wp-json\/wp\/v2\/types\/page"}],"author":[{"embeddable":true,"href":"https:\/\/logos.edu.do\/wp21\/wp-json\/wp\/v2\/users\/1"}],"replies":[{"embeddable":true,"href":"https:\/\/logos.edu.do\/wp21\/wp-json\/wp\/v2\/comments?post=3867"}],"version-history":[{"count":11,"href":"https:\/\/logos.edu.do\/wp21\/wp-json\/wp\/v2\/pages\/3867\/revisions"}],"predecessor-version":[{"id":4258,"href":"https:\/\/logos.edu.do\/wp21\/wp-json\/wp\/v2\/pages\/3867\/revisions\/4258"}],"wp:attachment":[{"href":"https:\/\/logos.edu.do\/wp21\/wp-json\/wp\/v2\/media?parent=3867"}],"curies":[{"name":"wp","href":"https:\/\/api.w.org\/{rel}","templated":true}]}}