{"id":3860,"date":"2022-01-25T23:04:15","date_gmt":"2022-01-26T03:04:15","guid":{"rendered":"http:\/\/logos.edu.do\/wp21\/?page_id=3860"},"modified":"2025-06-16T12:30:31","modified_gmt":"2025-06-16T16:30:31","slug":"escuela-en-el-hogar","status":"publish","type":"page","link":"https:\/\/logos.edu.do\/wp21\/escuela-en-el-hogar\/","title":{"rendered":"Escuela en el Hogar"},"content":{"rendered":"<p>[vc_row][vc_column][stm_spacing lg_spacing=\u00bb30&#8243; md_spacing=\u00bb20&#8243; sm_spacing=\u00bb10&#8243; xs_spacing=\u00bb10&#8243;][\/vc_column][\/vc_row][vc_row][vc_column][vc_column_text]<\/p>\n<p style=\"text-align: center;\"><span style=\"color: #005baa; font-size: 18pt;\"><strong>\u00a1Gracias por su inter\u00e9s en nuestro programa para ni\u00f1os de 3 y 4 a\u00f1os!<\/strong><\/span><br \/>\n<span style=\"font-size: 14pt;\"><strong>Para el a\u00f1o escolar 2024-2025 no tenemos cupos disponibles.<\/strong><\/span><\/p>\n<p style=\"text-align: center;\"><span style=\"font-size: 14pt;\">Para m\u00e1s informaci\u00f3n sobre los cupos para el a\u00f1o escolar 2025-2026,<br \/>\nescr\u00edbanos a katherinec@logos.edu.do.<\/span><\/p>\n<p>[\/vc_column_text][\/vc_column][\/vc_row][vc_row disable_element=\u00bbyes\u00bb][vc_column][vc_column_text]<\/p>\n<p style=\"text-align: center;\"><span style=\"color: #005baa; font-size: 18pt;\"><strong>\u00a1Gracias por su inter\u00e9s en nuestro programa!<\/strong><\/span><\/p>\n<p style=\"text-align: center;\"><span style=\"font-size: 14pt;\">Para m\u00e1s informaci\u00f3n sobre los cupos para el a\u00f1o escolar 2024-2025,<br \/>\nescr\u00edbanos a katherinec@logos.edu.do.<\/span><\/p>\n<p>[\/vc_column_text][\/vc_column][\/vc_row][vc_row disable_element=\u00bbyes\u00bb][vc_column][vc_column_text]<span style=\"font-family: Arial;\">El registro del programa de Escuela en el Hogar para el a\u00f1o escolar 2024-2024 est\u00e1 abierto<\/span><\/p>\n<p><span style=\"font-family: Arial;\"><br \/>\n<\/span><strong style=\"font-size: 14pt; font-family: Arial;\">Costo:<\/strong><\/p>\n<p><strong>Registro<\/strong>: RD$10,510 ($8,755 Registro + $1,751 Julio\/2025)<br \/>\n<strong>Mensualidad<\/strong>: RD$1,751 (de Septiembre 2024 a Junio 2025) a pagar los primeros 15 d\u00edas del mes.<\/p>\n<p><span style=\"font-family: Arial;\">Los interesados pueden iniciar el proceso de inscripci\u00f3n llenando\u00a0el\u00a0<strong>Formulario Informaci\u00f3n del Ni\u00f1o <a href=\"http:\/\/logos.edu.do\/wp21\/wp-content\/uploads\/2022\/01\/Form-EscuelaEnElHogar.pdf\">(DESCARGAR AQU\u00cd)<\/a> <\/strong>y lo env\u00eda al correo katherinec@logos.edu.do. Al recibir su formulario le estaremos contestando con la informaci\u00f3n necesaria para continuar el proceso.<\/span><\/p>\n<p><span style=\"font-family: Arial;\">Los ni\u00f1os que ingresan en el programa podr\u00e1n asistir al colegio los viernes en horario de 8 a.m. a 12:30 p.m.\u00a0 Los mi\u00e9rcoles participan con sus padres en la lectura de cuentos en voz alta que tenemos en la Biblioteca, all\u00ed tambi\u00e9n\u00a0los padres pueden tomar libros prestados para leer en sus casas.<\/span><\/p>\n<p><span style=\"font-family: Arial;\">La maestra encargada del programa proporcionar\u00e1 recomendaciones y gu\u00edas de actividades que los padres deben realizar con sus hijos durante la semana, promoviendo reuniones y actividades de comuni\u00f3n. Los padres pueden asistir a todas las Escuelas de Padres que se imparten en LOGOS.<\/span><\/p>\n<p><span style=\"font-family: Arial;\"><strong>Inicio del programa:<\/strong> Septiembre 2024<\/span><\/p>\n<p><a href=\"https:\/\/logos.edu.do\/wp21\/academica\/#escuelahogar\">M\u00e1s informaci\u00f3n sobre Escuela en el Hogar<\/a>[\/vc_column_text][\/vc_column][\/vc_row]<\/p>\n","protected":false},"excerpt":{"rendered":"<p>[vc_row][vc_column][stm_spacing lg_spacing=\u00bb30&#8243; md_spacing=\u00bb20&#8243; sm_spacing=\u00bb10&#8243; xs_spacing=\u00bb10&#8243;][\/vc_column][\/vc_row][vc_row][vc_column][vc_column_text] \u00a1Gracias por su inter\u00e9s en nuestro programa para ni\u00f1os de 3 y 4 a\u00f1os! Para el a\u00f1o escolar 2024-2025 no tenemos cupos disponibles. Para m\u00e1s informaci\u00f3n sobre los cupos para el a\u00f1o escolar 2025-2026, escr\u00edbanos a katherinec@logos.edu.do. [\/vc_column_text][\/vc_column][\/vc_row][vc_row disable_element=\u00bbyes\u00bb][vc_column][vc_column_text] \u00a1Gracias por su inter\u00e9s en nuestro programa! Para m\u00e1s informaci\u00f3n sobre [&hellip;]<\/p>\n","protected":false},"author":1,"featured_media":0,"parent":0,"menu_order":0,"comment_status":"closed","ping_status":"closed","template":"","meta":{"footnotes":""},"class_list":["post-3860","page","type-page","status-publish","hentry"],"_links":{"self":[{"href":"https:\/\/logos.edu.do\/wp21\/wp-json\/wp\/v2\/pages\/3860","targetHints":{"allow":["GET"]}}],"collection":[{"href":"https:\/\/logos.edu.do\/wp21\/wp-json\/wp\/v2\/pages"}],"about":[{"href":"https:\/\/logos.edu.do\/wp21\/wp-json\/wp\/v2\/types\/page"}],"author":[{"embeddable":true,"href":"https:\/\/logos.edu.do\/wp21\/wp-json\/wp\/v2\/users\/1"}],"replies":[{"embeddable":true,"href":"https:\/\/logos.edu.do\/wp21\/wp-json\/wp\/v2\/comments?post=3860"}],"version-history":[{"count":25,"href":"https:\/\/logos.edu.do\/wp21\/wp-json\/wp\/v2\/pages\/3860\/revisions"}],"predecessor-version":[{"id":3863,"href":"https:\/\/logos.edu.do\/wp21\/wp-json\/wp\/v2\/pages\/3860\/revisions\/3863"}],"wp:attachment":[{"href":"https:\/\/logos.edu.do\/wp21\/wp-json\/wp\/v2\/media?parent=3860"}],"curies":[{"name":"wp","href":"https:\/\/api.w.org\/{rel}","templated":true}]}}