{"id":3853,"date":"2022-01-25T22:48:18","date_gmt":"2022-01-26T02:48:18","guid":{"rendered":"http:\/\/logos.edu.do\/wp21\/?page_id=3853"},"modified":"2026-01-27T10:26:36","modified_gmt":"2026-01-27T14:26:36","slug":"familias-actuales","status":"publish","type":"page","link":"https:\/\/logos.edu.do\/wp21\/familias-actuales\/","title":{"rendered":"Familias Actuales"},"content":{"rendered":"<p>[vc_row][vc_column][stm_spacing lg_spacing=\u00bb30&#8243; md_spacing=\u00bb20&#8243; sm_spacing=\u00bb10&#8243; xs_spacing=\u00bb10&#8243;][\/vc_column][\/vc_row][vc_row][vc_column][stm_title title_align=\u00bbcenter\u00bb subtitle_color=\u00bbdark-gray\u00bb subtitle_enable=\u00bbtrue\u00bb]<\/p>\n<h3 style=\"text-align: center;\">Para registrar estudiantes actuales o a\u00f1adir nuevos estudiantes de familias actuales<br \/>\nen el a\u00f1o escolar 2024-2025<\/h3>\n<p>[\/stm_title][vc_column_text]<\/p>\n<p style=\"text-align: center;\"><span style=\"color: #005baa; font-size: 18pt;\"><strong>\u00a1Gracias por su inter\u00e9s en nuestra comunidad!<\/strong><\/span><br \/>\n<span style=\"font-size: 14pt;\"><strong>El per\u00edodo de admisiones para el a\u00f1o escolar 2025-2026 ha concluido. <\/strong><\/span><\/p>\n<p style=\"text-align: center;\"><span style=\"font-size: 14pt;\">Para m\u00e1s informaci\u00f3n, escr\u00edbanos a contacto@logos.edu.do.<\/span><\/p>\n<p style=\"text-align: center;\"><span style=\"font-size: 14pt;\"><strong>\u00a0<\/strong><\/span><\/p>\n<p>[\/vc_column_text][\/vc_column][\/vc_row][vc_row disable_element=\u00bbyes\u00bb][vc_column][stm_title title_align=\u00bbcenter\u00bb subtitle_color=\u00bbdark-gray\u00bb subtitle_enable=\u00bbtrue\u00bb]<\/p>\n<h3 style=\"text-align: center;\">Para registrar estudiantes actuales o a\u00f1adir nuevos estudiantes de familias actuales<br \/>\nen el a\u00f1o escolar 2025-2026<\/h3>\n<p>[\/stm_title][vc_column_text]<\/p>\n<p style=\"text-align: center;\"><span style=\"color: #005baa; font-size: 18pt;\"><strong>\u00a1Gracias por su inter\u00e9s en nuestra comunidad!<\/strong><\/span><br \/>\n<span style=\"font-size: 14pt;\"><strong>El per\u00edodo de admisiones para el a\u00f1o escolar 2025-2026 ha iniciado. <\/strong><\/span><\/p>\n<p style=\"text-align: center;\"><span style=\"font-size: 18.6667px;\">Por favor siga las instrucciones siguientes:<\/span><\/p>\n<p>[\/vc_column_text][\/vc_column][\/vc_row][vc_row disable_element=\u00bbyes\u00bb][vc_column][stm_title title_align=\u00bbcenter\u00bb subtitle_color=\u00bbdark-gray\u00bb subtitle_enable=\u00bbtrue\u00bb]<\/p>\n<h3 style=\"text-align: center;\">Para registrar estudiantes actuales o a\u00f1adir nuevos estudiantes de familias actuales<br \/>\nen el a\u00f1o escolar 2024-2025<\/h3>\n<p>[\/stm_title][vc_column_text]<\/p>\n<p style=\"text-align: center;\"><span style=\"color: #005baa; font-size: 18pt;\"><strong>\u00a1Gracias por su inter\u00e9s en nuestra comunidad!<\/strong><\/span><br \/>\n<span style=\"font-size: 14pt;\"><strong>El per\u00edodo de admisiones para el a\u00f1o escolar 2024-2025 ha iniciado<br \/>\n<\/strong><\/span><\/p>\n<p>[\/vc_column_text][\/vc_column][\/vc_row][vc_row][vc_column][vc_column_text]<\/p>\n<h2 style=\"text-align: center;\"><b>\u00a1Solicite su admisi\u00f3n ahora!<\/b><\/h2>\n<p><span style=\"font-weight: 400;\">Para iniciar proceso de admisiones de <\/span><b>estudiantes actuales <\/b><span style=\"font-weight: 400;\">debe completar el formulario de re-admisi\u00f3n y enviar los documentos requeridos.<\/span><\/p>\n<h2><b>Formulario de Admisi\u00f3n<\/b><\/h2>\n<p><span style=\"font-weight: 400;\">Para iniciar el llenado del formulario debe crear una cuenta en nuestra plataforma (FACTS). Siga los pasos que se detallan a continuaci\u00f3n para completar correctamente el proceso de solicitud:<\/span><\/p>\n<p>&nbsp;<\/p>\n<h3><b>Paso 1: Crear una cuenta<\/b><\/h3>\n<ul>\n<li style=\"font-weight: 400;\" aria-level=\"1\"><span style=\"font-weight: 400;\">Para crear una cuenta <\/span><a href=\"https:\/\/fel-dom.client.renweb.com\/pwr\/\"><span style=\"font-weight: 400;\">pulse aqu\u00ed<\/span><\/a><span style=\"font-weight: 400;\">\u00a0<\/span><\/li>\n<li style=\"font-weight: 400;\" aria-level=\"1\"><span style=\"font-weight: 400;\">Seleccione <\/span><b>Create New Family Portal Account<\/b><\/li>\n<li style=\"font-weight: 400;\" aria-level=\"1\"><span style=\"font-weight: 400;\">Ingrese su direcci\u00f3n de correo electr\u00f3nico tal como fue proporcionada en su solicitud a la escuela<\/span><\/li>\n<li style=\"font-weight: 400;\" aria-level=\"1\"><span style=\"font-weight: 400;\">Pulse en Create Account<\/span><\/li>\n<li style=\"font-weight: 400;\" aria-level=\"1\"><span style=\"font-weight: 400;\">Recibir\u00e1 un correo electr\u00f3nico de FACTS Customer Support que contendr\u00e1 un enlace de verificaci\u00f3n (<\/span><span style=\"font-weight: 400;\">\u201c<\/span><span style=\"font-weight: 400;\">Click to create your Admissions Parent login<\/span><span style=\"font-weight: 400;\">\u201d). <\/span><span style=\"font-weight: 400;\">Pulse all\u00ed para crear su nombre de usuario y contrase\u00f1a. Por razones de seguridad, este enlace permanecer\u00e1 activo durante 6 horas.<\/span><\/li>\n<\/ul>\n<p>&nbsp;<\/p>\n<h3><b>Paso 2: Iniciar la solicitud de admisi\u00f3n<\/b><\/h3>\n<p><span style=\"font-weight: 400;\">Despu\u00e9s de haber creado su cuenta, tendr\u00e1 acceso al Portal Familiar:<\/span><\/p>\n<ul>\n<li style=\"font-weight: 400;\" aria-level=\"1\"><span style=\"font-weight: 400;\">Por favor ingrese pulsando aqu\u00ed\u00a0 <\/span><a href=\"https:\/\/fel-dom.client.renweb.com\/pwr\/\"><span style=\"font-weight: 400;\">Portal Familiar de FACTS<\/span><\/a><span style=\"font-weight: 400;\">\u00a0<\/span><\/li>\n<li style=\"font-weight: 400;\" aria-level=\"1\"><span style=\"font-weight: 400;\">Ingrese su nombre de usuario y contrase\u00f1a. Si ha olvidado su nombre de usuario o contrase\u00f1a, pulse en el enlace correspondiente.<\/span><\/li>\n<li style=\"font-weight: 400;\" aria-level=\"1\"><span style=\"font-weight: 400;\">Vaya al men\u00fa de navegaci\u00f3n del lado izquierdo<\/span><\/li>\n<li style=\"font-weight: 400;\" aria-level=\"1\"><span style=\"font-weight: 400;\">Pulse en <\/span><b>Apply\/Enroll<\/b><\/li>\n<li style=\"font-weight: 400;\" aria-level=\"1\"><span style=\"font-weight: 400;\">Seleccione <\/span><b>Enrollment\/Reenrollment. <\/b><span style=\"font-weight: 400;\">All\u00ed deber\u00e1 ver los formularios de sus hijos.<\/span><\/li>\n<\/ul>\n<p><span style=\"font-weight: 400;\">En caso de que vaya a solicitar para un NUEVO estudiante, entonces desde el mismo Portal Familiar seleccione APPLICATION y luego \u201ccrear una nueva aplicaci\u00f3n\u2026\u201d<\/span><\/p>\n<p>&nbsp;<\/p>\n<h3><b>\u00bfTiene alguna pregunta?<\/b><\/h3>\n<p><span style=\"font-weight: 400;\">Para solicitar m\u00e1s informaci\u00f3n o recibir asistencia durante el proceso escriba a <\/span><b>admisiones@logos.edu.do<\/b>[\/vc_column_text][\/vc_column][\/vc_row][vc_row disable_element=\u00bbyes\u00bb][vc_column][vc_column_text]<span style=\"font-size: 14pt;\">1. Modifique y\/o confirme su <strong>FORMULARIO de DATOS FAMILIARES<\/strong>.\u00a0<a href=\"https:\/\/logos.probusrd.com\/\">ENTRE AQUI<\/a><\/span><\/p>\n<p style=\"padding-left: 4em;\">\u2022\u00a0<span style=\"font-weight: 400;\">Para completar este formulario necesita acceder a nuestro Sistema de Gesti\u00f3n de Informaci\u00f3n usando su n\u00famero de usuario y clave. Si no recuerda estos datos puede contactarnos a trav\u00e9s de\u00a0<a href=\"mailto:admisiones@logos.edu.do\">admisiones@logos.edu.do<\/a><\/span><\/p>\n<p style=\"padding-left: 4em;\">\u2022 Tenga pendiente que si desea inscribir a un\u00a0nuevo hijo debe a\u00f1adirlo en este formulario, y enviar los documentos requeridos para estudiantes de nueva admisi\u00f3n y luego tomar el <strong>examen de admisi\u00f3n<\/strong>.<strong> <a href=\"http:\/\/logos.edu.do\/wp21\/familias-nuevas\/\"><span style=\"text-decoration: underline;\">VER DOCUMENTOS AQUI<\/span><\/a><\/strong><a href=\"index.php?option=com_content&amp;view=article&amp;id=55&amp;Itemid=197\"><br \/>\n<\/a><\/p>\n<p><span style=\"font-size: 14pt;\">2. Env\u00ede los\u00a0<strong>documentos<\/strong>\u00a0requeridos:<\/span><\/p>\n<p style=\"padding-left: 4em;\">\u2022 Formulario de\u00a0<strong><em>Autorizaciones y Compromisos<\/em><\/strong>. <strong><a href=\"https:\/\/logos.edu.do\/wp21\/wp-content\/uploads\/2025\/01\/AutorizacionesyCompromisos2025-2026.pdf\">DESCARGUE AQU\u00cd<\/a><\/strong><a href=\"http:\/\/logos.edu.do\/wp21\/wp-content\/uploads\/2022\/01\/AutorizacionesyCompromisos2022-23.pdf\"><span style=\"text-decoration: underline;\"><br \/>\n<\/span><\/a>Luego que complete y firme el documento, puede escanearlo o fotografiarlo y enviarlo a\u00a0<a href=\"mailto:admisiones@logos.edu.do\"><strong>admisiones@logos.edu.do<\/strong><\/a><\/p>\n<p style=\"padding-left: 4em;\"><em>El archivo debe ser nombrado del siguiente modo: (n\u00facleo familiar, asunto), ej.: GARCIA PEREZ, autorizaciones.<\/em><\/p>\n<p style=\"padding-left: 4em;\"><strong><em>\u2022 Referencia Pastoral<\/em><\/strong> firmada y sellada. <strong><a href=\"https:\/\/logos.edu.do\/wp21\/wp-content\/uploads\/2025\/01\/ReferenciaPastoral2025-2026.pdf\">DESCARGAR AQU\u00cd<\/a><\/strong><br \/>\nLuego de completar y firmar el documento, su pastor\/iglesia puede escanearlo o fotografiarlo y enviarlo a\u00a0<strong>admisiones@logos.edu.do<\/strong>. Si lo entrega f\u00edsicamente, deber\u00e1 enviarlo en sobre cerrado dirigido a Admisiones.<\/p>\n<p><span style=\"font-size: 14pt;\">3. Al realizar la solicitud, recibir\u00e1 un correo electr\u00f3nico indicando los pr\u00f3ximos pasos del proceso y la manera de requerir la cotizaci\u00f3n de la colegiatura.<\/span><\/p>\n<p style=\"padding-left: 4em;\">\u2022 Para m\u00e1s informaci\u00f3n sobre el proceso o estatus de su solicitud, escr\u00edbanos a: <strong><a href=\"mailto:admisiones@logos.edu.do\">admisiones@logos.edu.do<\/a><\/strong><\/p>\n<p>[\/vc_column_text][\/vc_column][\/vc_row]<\/p>\n","protected":false},"excerpt":{"rendered":"<p>[vc_row][vc_column][stm_spacing lg_spacing=\u00bb30&#8243; md_spacing=\u00bb20&#8243; sm_spacing=\u00bb10&#8243; xs_spacing=\u00bb10&#8243;][\/vc_column][\/vc_row][vc_row][vc_column][stm_title title_align=\u00bbcenter\u00bb subtitle_color=\u00bbdark-gray\u00bb subtitle_enable=\u00bbtrue\u00bb] Para registrar estudiantes actuales o a\u00f1adir nuevos estudiantes de familias actuales en el a\u00f1o escolar 2024-2025 [\/stm_title][vc_column_text] \u00a1Gracias por su inter\u00e9s en nuestra comunidad! El per\u00edodo de admisiones para el a\u00f1o escolar 2025-2026 ha concluido. Para m\u00e1s informaci\u00f3n, escr\u00edbanos a contacto@logos.edu.do. \u00a0 [\/vc_column_text][\/vc_column][\/vc_row][vc_row disable_element=\u00bbyes\u00bb][vc_column][stm_title title_align=\u00bbcenter\u00bb subtitle_color=\u00bbdark-gray\u00bb subtitle_enable=\u00bbtrue\u00bb] [&hellip;]<\/p>\n","protected":false},"author":1,"featured_media":0,"parent":0,"menu_order":0,"comment_status":"closed","ping_status":"closed","template":"","meta":{"footnotes":""},"class_list":["post-3853","page","type-page","status-publish","hentry"],"_links":{"self":[{"href":"https:\/\/logos.edu.do\/wp21\/wp-json\/wp\/v2\/pages\/3853","targetHints":{"allow":["GET"]}}],"collection":[{"href":"https:\/\/logos.edu.do\/wp21\/wp-json\/wp\/v2\/pages"}],"about":[{"href":"https:\/\/logos.edu.do\/wp21\/wp-json\/wp\/v2\/types\/page"}],"author":[{"embeddable":true,"href":"https:\/\/logos.edu.do\/wp21\/wp-json\/wp\/v2\/users\/1"}],"replies":[{"embeddable":true,"href":"https:\/\/logos.edu.do\/wp21\/wp-json\/wp\/v2\/comments?post=3853"}],"version-history":[{"count":33,"href":"https:\/\/logos.edu.do\/wp21\/wp-json\/wp\/v2\/pages\/3853\/revisions"}],"predecessor-version":[{"id":4369,"href":"https:\/\/logos.edu.do\/wp21\/wp-json\/wp\/v2\/pages\/3853\/revisions\/4369"}],"wp:attachment":[{"href":"https:\/\/logos.edu.do\/wp21\/wp-json\/wp\/v2\/media?parent=3853"}],"curies":[{"name":"wp","href":"https:\/\/api.w.org\/{rel}","templated":true}]}}