{"id":3684,"date":"2022-01-15T22:01:50","date_gmt":"2022-01-16T02:01:50","guid":{"rendered":"http:\/\/logos.edu.do\/wp21\/?page_id=3684"},"modified":"2025-09-08T10:17:40","modified_gmt":"2025-09-08T14:17:40","slug":"conocenos","status":"publish","type":"page","link":"https:\/\/logos.edu.do\/wp21\/conocenos\/","title":{"rendered":"Con\u00f3cenos"},"content":{"rendered":"<p>[vc_row][vc_column][stm_spacing lg_spacing=\u00bb30&#8243; md_spacing=\u00bb20&#8243; sm_spacing=\u00bb10&#8243; xs_spacing=\u00bb10&#8243;][\/vc_column][\/vc_row][vc_row][vc_column width=\u00bb1\/2&#8243;][vc_video link=\u00bbhttps:\/\/youtu.be\/VDSLlWd-omw\u00bb][vc_column_text]<span style=\"font-size: 14pt;\">La fidelidad de Dios ha sido patente en medio nuestro, proveyendo personal, recursos econ\u00f3micos para expandir las facilidades, llenar las necesidades de los que con sacrificio all\u00ed laboran, y tocando las vidas de muchos que han recibido el beneficio de la labor de esta instituci\u00f3n.<\/span>[\/vc_column_text][\/vc_column][vc_column width=\u00bb1\/2&#8243;][stm_title subtitle_color=\u00bbdark-gray\u00bb subtitle_enable=\u00bbtrue\u00bb title=\u00bbNuestra Historia\u00bb subtitle_font_size=\u00bb12&#8243; subtitle_line_height=\u00bb1.2&#8243;][\/stm_title][vc_column_text]En el a\u00f1o 1983 un grupo de padres cristianos de la Iglesia B\u00edblica del Se\u00f1or Jesucristo, guiados por la misma convicci\u00f3n de que sus hijos deb\u00edan tener una educaci\u00f3n cristiana, tomaron la decisi\u00f3n de iniciar una escuela. Deseaban que sus hijos fuesen ense\u00f1ados a ver la vida a la luz de la Palabra de Dios, incluyendo los aspectos acad\u00e9micos, art\u00edsticos, deportivos y sociales. Era su mayor deseo que fuesen ense\u00f1ados a hacer todas las cosas como para el Se\u00f1or, de todo coraz\u00f3n. Adem\u00e1s, estaban comprometidos a fundar una escuela acad\u00e9micamente fuerte.<\/p>\n<p>Una junta directiva fue fundada con el fin de determinar los distintos aspectos necesarios para el funcionamiento de la instituci\u00f3n, lleg\u00e1ndose a la determinaci\u00f3n, luego de algunos a\u00f1os de funcionamiento, que la misma operar\u00eda como una \u00a8Escuela Cristiana Privada\u00a8, manejada por dicha Junta Directiva.<\/p>\n<p>En 1985 se iniciaron las operaciones de la escuela funcionando en una casa de familia transformada en local escolar, donde trabajaron hasta el 1990, a\u00f1o en que, por la gracia de Dios, se trasladaron las facilidades al edificio que ocupa en la actualidad. Este edificio fue una muestra de la fidelidad de Dios hacia los padres y al trabajo que se estaba realizando; fidelidad que ha sido ratificada a\u00f1o tras a\u00f1o a trav\u00e9s de la historia de esta instituci\u00f3n.<\/p>\n<p>En su primer a\u00f1o de labores la escuela lleg\u00f3 hasta el cuarto de primaria, a\u00f1adi\u00e9ndose de ah\u00ed en adelante un grado cada a\u00f1o hasta el a\u00f1o 1993-1994, cuando se realiza la primera promoci\u00f3n de bachilleres.[\/vc_column_text][vc_empty_space][\/vc_column][\/vc_row][vc_row full_width=\u00bbstretch_row\u00bb css=\u00bb.vc_custom_1642431237719{background-color: #eaeaea !important;background-position: center !important;background-repeat: no-repeat !important;background-size: cover !important;}\u00bb][vc_column width=\u00bb1\/2&#8243;][stm_title subtitle_color=\u00bbdark-gray\u00bb subtitle_enable=\u00bbtrue\u00bb title=\u00bbMisi\u00f3n y Visi\u00f3n\u00bb subtitle_font_size=\u00bb12&#8243; subtitle_line_height=\u00bb1.2&#8243;][\/stm_title][vc_column_text]<strong>Misi\u00f3n: <\/strong>Asistir a padres cristianos en la tarea de entrenar efectivamente a sus hijos para la vida presente y la venidera.<\/p>\n<p><strong>Visi\u00f3n: <\/strong>Los estudiantes crecer\u00e1n en sabidur\u00eda, estatura y conocimiento, desarrollando una visi\u00f3n b\u00edblica del mundo que los capacite para contribuir en la expansi\u00f3n del reino de Dios y el servicio a su generaci\u00f3n.[\/vc_column_text][\/vc_column][vc_column width=\u00bb1\/2&#8243;][vc_video link=\u00bbhttps:\/\/youtu.be\/e9sj7JrRk0A\u00bb][\/vc_column][\/vc_row][vc_row][vc_column][stm_title title_align=\u00bbcenter\u00bb sep_enable=\u00bbtrue\u00bb title=\u00bbNuestros Valores\u00bb][\/stm_title][\/vc_column][\/vc_row][vc_row][vc_column width=\u00bb1\/2&#8243;][vc_column_text]<strong>Cristo: <\/strong>En una relaci\u00f3n vital con El, por medio de su obra en la cruz, somos transformados a su imagen y llevamos todo pensamiento cautivo hacia su obediencia.<\/p>\n<p><strong>Discipulando a Estudiantes:<\/strong> Nos entusiasma el compromiso de entrenar a cada estudiante para adorar a Dios e impactar su pa\u00eds y comunidad con pensamientos y acciones b\u00edblicas.<\/p>\n<p><strong>Colaborando con Padres:<\/strong> Directores y profesores colaboramos estrechamente con los padres en discipulado y formaci\u00f3n de sus hijos.[\/vc_column_text][\/vc_column][vc_column width=\u00bb1\/2&#8243;][vc_column_text]<strong>Cuidando la Comunidad:<\/strong> La comunidad es el lugar donde Dios desarrolla sus planes redentores en naciones e individuos.\u00a0 Adem\u00e1s es donde Su gracia se manifiesta de forma m\u00e1s plena.\u00a0 Es por esto que nos importa tanto y la cuidamos.<\/p>\n<p><strong>Practicamos el Servicio:<\/strong> El servicio gozoso y sacrificial es la forma m\u00e1s concreta de expresar nuestro amor y preferencia por el pr\u00f3jimo.<\/p>\n<p><strong>Procurando la Excelencia:<\/strong> Intencionalmente buscamos ser los mejores administradores de los dones, talentos y recursos dados por Dios, para que Su nombre sea glorificado en medio nuestro.[\/vc_column_text][\/vc_column][\/vc_row]<\/p>\n","protected":false},"excerpt":{"rendered":"<p>[vc_row][vc_column][stm_spacing lg_spacing=\u00bb30&#8243; md_spacing=\u00bb20&#8243; sm_spacing=\u00bb10&#8243; xs_spacing=\u00bb10&#8243;][\/vc_column][\/vc_row][vc_row][vc_column width=\u00bb1\/2&#8243;][vc_video link=\u00bbhttps:\/\/youtu.be\/VDSLlWd-omw\u00bb][vc_column_text]La fidelidad de Dios ha sido patente en medio nuestro, proveyendo personal, recursos econ\u00f3micos para expandir las facilidades, llenar las necesidades de los que con sacrificio all\u00ed laboran, y tocando las vidas de muchos que han recibido el beneficio de la labor de esta instituci\u00f3n.[\/vc_column_text][\/vc_column][vc_column width=\u00bb1\/2&#8243;][stm_title subtitle_color=\u00bbdark-gray\u00bb subtitle_enable=\u00bbtrue\u00bb title=\u00bbNuestra [&hellip;]<\/p>\n","protected":false},"author":1,"featured_media":0,"parent":0,"menu_order":0,"comment_status":"closed","ping_status":"closed","template":"","meta":{"footnotes":""},"class_list":["post-3684","page","type-page","status-publish","hentry"],"_links":{"self":[{"href":"https:\/\/logos.edu.do\/wp21\/wp-json\/wp\/v2\/pages\/3684","targetHints":{"allow":["GET"]}}],"collection":[{"href":"https:\/\/logos.edu.do\/wp21\/wp-json\/wp\/v2\/pages"}],"about":[{"href":"https:\/\/logos.edu.do\/wp21\/wp-json\/wp\/v2\/types\/page"}],"author":[{"embeddable":true,"href":"https:\/\/logos.edu.do\/wp21\/wp-json\/wp\/v2\/users\/1"}],"replies":[{"embeddable":true,"href":"https:\/\/logos.edu.do\/wp21\/wp-json\/wp\/v2\/comments?post=3684"}],"version-history":[{"count":35,"href":"https:\/\/logos.edu.do\/wp21\/wp-json\/wp\/v2\/pages\/3684\/revisions"}],"predecessor-version":[{"id":3807,"href":"https:\/\/logos.edu.do\/wp21\/wp-json\/wp\/v2\/pages\/3684\/revisions\/3807"}],"wp:attachment":[{"href":"https:\/\/logos.edu.do\/wp21\/wp-json\/wp\/v2\/media?parent=3684"}],"curies":[{"name":"wp","href":"https:\/\/api.w.org\/{rel}","templated":true}]}}