{"id":3440,"date":"2021-09-13T20:56:47","date_gmt":"2021-09-14T00:56:47","guid":{"rendered":"http:\/\/logos.edu.do\/wp21\/?page_id=3440"},"modified":"2025-09-08T00:05:05","modified_gmt":"2025-09-08T04:05:05","slug":"portada","status":"publish","type":"page","link":"https:\/\/logos.edu.do\/wp21\/","title":{"rendered":"Portada"},"content":{"rendered":"<p>[vc_row css=\u00bb.vc_custom_1642431789868{background-color: #ffffff !important;}\u00bb][vc_column][rev_slider_vc alias=\u00bbslider-portada\u00bb][stm_spacing xs_spacing=\u00bb60px\u00bb sm_spacing=\u00bb60px\u00bb][\/vc_column][\/vc_row][vc_row css=\u00bb.vc_custom_1642439422415{margin-bottom: 20px !important;}\u00bb][vc_column][stm_call_to_action cta_border_color=\u00bbblue\u00bb cta_bg_color=\u00bbgreen\u00bb btn_link=\u00bburl:http%3A%2F%2Flogos.edu.do%2Fwp21%2Fconocenos%2F|title:Leer%20M%C3%A1s\u00bb title=\u00bbCon\u00f3cenos\u00bb image_id=\u00bb52&#8243; img_id=\u00bb4316&#8243; css=\u00bb.vc_custom_1757298558113{margin-top: -100px !important;border-top-width: 4px !important;border-top-style: solid !important;}\u00bb margin=\u00bbmargin-top:15px;margin-bottom:16px;\u00bb btn_enable=\u00bbtrue\u00bb img_enable=\u00bbtrue\u00bb btn_custom_style=\u00bbtrue\u00bb btn_icon_enable=\u00bbtrue\u00bb]Nuestra historia, misi\u00f3n, visi\u00f3n y valores. Conoce nuestra filosof\u00eda educativa y la metodolog\u00eda que usamos para apoyarte en la educaci\u00f3n de tus hijos.[\/stm_call_to_action][\/vc_column][\/vc_row][vc_row full_width=\u00bbstretch_row\u00bb css=\u00bb.vc_custom_1642439304340{background-color: #f2f2f2 !important;}\u00bb][vc_column width=\u00bb1\/2&#8243; offset=\u00bbvc_col-lg-8 vc_col-md-7 vc_col-xs-12&#8243;][stm_title title_tag=\u00bbh2&#8243; sep_enable=\u00bbtrue\u00bb title=\u00bbSobre nosotros\u00bb title_font=\u00bbtext-indent:-3px;\u00bb css=\u00bb.vc_custom_1449644303491{margin-top: 10px !important;margin-bottom: 10px !important;padding-top: 4px !important;padding-right: 5px !important;padding-bottom: 4px !important;padding-left: 5px !important;}\u00bb sep_css=\u00bbmargin-bottom:41px;\u00bb sep_margin_b=\u00bb41px\u00bb][\/stm_title][vc_column_text css=\u00bb.vc_custom_1639951115664{margin-bottom: 0px !important;}\u00bb]<strong>Bienvenidos a nuestra comunidad educativa.<\/strong> Desde el 1985 hemos trabajado para cumplir con el prop\u00f3sito principal de asistir a padres en el entrenamiento de sus hijos.\u00a0 Durante todos estos a\u00f1os hemos experimentado la buena mano de Dios gui\u00e1ndonos, exhort\u00e1ndonos y amonest\u00e1ndonos conforme a Su voluntad.[\/vc_column_text][stm_spacing xs_spacing=\u00bb20px\u00bb lg_spacing=\u00bb34px\u00bb md_spacing=\u00bb34px\u00bb sm_spacing=\u00bb34px\u00bb][stm_link link_icon_position=\u00bbright\u00bb link_icon_enable=\u00bbtrue\u00bb icon_vspace=\u00bb5px\u00bb link=\u00bburl:http%3A%2F%2Flogos.edu.do%2Fwp21%2Fbienvenidos%2F|title:Bienvenidos\u00bb link_text=\u00bbLeer m\u00e1s\u00bb][\/vc_column][vc_column width=\u00bb1\/2&#8243; offset=\u00bbvc_col-lg-4 vc_col-md-5 vc_col-xs-12&#8243;][stm_single_image img_responsive_enable=\u00bbtrue\u00bb img_id=\u00bb4328&#8243; img_size=\u00bb350&#215;290&#8243;][stm_spacing lg_spacing=\u00bb40&#8243; md_spacing=\u00bb40&#8243;][\/vc_column][\/vc_row][vc_row disable_element=\u00bbyes\u00bb][vc_column][vc_single_image image=\u00bb4290&#8243; img_size=\u00bbfull\u00bb alignment=\u00bbcenter\u00bb onclick=\u00bbcustom_link\u00bb link=\u00bbhttps:\/\/logos.edu.do\/wp21\/listados-de-libros-y-uniformes\u00bb][\/vc_column][\/vc_row][vc_row disable_element=\u00bbyes\u00bb][vc_column][vc_single_image image=\u00bb4261&#8243; img_size=\u00bbfull\u00bb alignment=\u00bbcenter\u00bb onclick=\u00bbcustom_link\u00bb link=\u00bbhttps:\/\/logos.edu.do\/wp21\/familias-nuevas\/\u00bb][\/vc_column][\/vc_row][vc_row disable_element=\u00bbyes\u00bb][vc_column][stm_title title_align=\u00bbcenter\u00bb sep_enable=\u00bbtrue\u00bb subtitle_enable=\u00bbtrue\u00bb title=\u00bbAdmisiones\u00bb]<strong>El per\u00edodo de admisiones para el a\u00f1o escolar 2024-2025 ha iniciado.<br \/>\n<\/strong>Para m\u00e1s informaci\u00f3n, escr\u00edbanos a contacto@logos.edu.do.<\/p>\n<div>\n<p>&nbsp;<\/p>\n<\/div>\n<p>[\/stm_title][vc_row_inner][vc_column_inner offset=\u00bbvc_col-lg-4 vc_col-md-4 vc_col-xs-12&#8243;][stm_icon_box view_style=\u00bbstyle-4&#8243; icon_type=\u00bbsvg\u00bb icon_position=\u00bbleft\u00bb icon_color=\u00bbgreen\u00bb descr_color=\u00bbcustom\u00bb step_enable=\u00bbtrue\u00bb title=\u00bbEscuela en el Hogar\u00bb descr=\u00bbPara ni\u00f1os de 3 y 4 a\u00f1os.<br \/>\nEl registro del programa de Escuela en el Hogar para el a\u00f1o escolar 2023-2024 inicia a partir del 1ro. de mayo de 2023.\u00bb button_enable=\u00bbtrue\u00bb css=\u00bb.vc_custom_1675639485384{margin-right: -10px !important;margin-bottom: 30px !important;}\u00bb step_number=\u00bb1&#8243; button_text=\u00bbIniciar Registro\u00bb button_link=\u00bburl:http%3A%2F%2Flogos.edu.do%2Fwp21%2Fescuela-en-el-hogar%2F|title:Escuela%20en%20el%20Hogar\u00bb svg_id=\u00bb3669&#8243;][\/vc_column_inner][vc_column_inner offset=\u00bbvc_col-lg-4 vc_col-md-4 vc_col-xs-12&#8243;][stm_icon_box view_style=\u00bbstyle-4&#8243; icon_type=\u00bbsvg\u00bb icon_position=\u00bbleft\u00bb icon_color=\u00bbgreen\u00bb descr_color=\u00bbcustom\u00bb step_enable=\u00bbtrue\u00bb svg_animated=\u00bbtrue\u00bb title=\u00bbFamilias actuales\u00bb descr=\u00bb\u2022 Para registrar estudiantes actuales en el a\u00f1o escolar 2023-2024<br \/>\n\u2022 Para a\u00f1adir nuevos estudiantes de familias actuales en el a\u00f1o escolar 2023-2024&#8243; button_enable=\u00bbtrue\u00bb button_text=\u00bbIniciar Registro\u00bb button_link=\u00bburl:http%3A%2F%2Flogos.edu.do%2Fwp21%2Ffamilias-actuales%2F|title:Familias%20Actuales\u00bb css=\u00bb.vc_custom_1673884503841{margin-right: -5px !important;margin-bottom: 30px !important;margin-left: -5px !important;}\u00bb step_number=\u00bb2&#8243; svg_id=\u00bb3671&#8243;][\/vc_column_inner][vc_column_inner offset=\u00bbvc_col-lg-4 vc_col-md-4 vc_col-xs-12&#8243;][stm_icon_box view_style=\u00bbstyle-4&#8243; icon_type=\u00bbsvg\u00bb icon_position=\u00bbleft\u00bb icon_color=\u00bbgreen\u00bb descr_color=\u00bbcustom\u00bb step_enable=\u00bbtrue\u00bb svg_animated=\u00bbtrue\u00bb title=\u00bbFamilias nuevas\u00bb button_enable=\u00bbtrue\u00bb button_text=\u00bbIniciar Registro\u00bb button_link=\u00bburl:http%3A%2F%2Flogos.edu.do%2Fwp21%2Ffamilias-nuevas%2F|title:Familias%20Nuevas\u00bb css=\u00bb.vc_custom_1673884517957{margin-left: -10px !important;}\u00bb descr_color_custom=\u00bb#595959&#8243; step_number=\u00bb3&#8243; descr=\u00bbPara solicitudes de admisi\u00f3n al a\u00f1o escolar 2023-2024 de familias interesadas, que a\u00fan NO son parte de nuestra comunidad\u00bb svg_id=\u00bb3672&#8243;][\/vc_column_inner][\/vc_row_inner][\/vc_column][\/vc_row][vc_row full_width=\u00bbstretch_row\u00bb css=\u00bb.vc_custom_1757304301413{padding-top: 200px !important;padding-bottom: 200px !important;background-image: url(https:\/\/logos.edu.do\/wp21\/wp-content\/uploads\/2025\/09\/biblioeca40.jpg?id=4330) !important;background-position: center !important;background-repeat: no-repeat !important;background-size: cover !important;}\u00bb][vc_column][\/vc_column][\/vc_row][vc_row full_width=\u00bbstretch_row\u00bb css=\u00bb.vc_custom_1459850953652{margin-bottom: 66px !important;padding-top: 38px !important;padding-bottom: 22px !important;background-color: #f8f8f8 !important;}\u00bb][vc_column][stm_title title_tag=\u00bbh2&#8243; title_align=\u00bbcenter\u00bb sep_enable=\u00bbtrue\u00bb title=\u00bbVideos Testimoniales\u00bb sep_css=\u00bbmargin-bottom:50px;\u00bb sep_line_css=\u00bbwidth:60px;height:2px;\u00bb title_font=\u00bbfont-weight:300;\u00bb title_margin=\u00bbmargin-bottom:50px;\u00bb sep_margin_b=\u00bb50px\u00bb][\/stm_title][vc_single_image image=\u00bb4326&#8243; img_size=\u00bbfull\u00bb alignment=\u00bbcenter\u00bb onclick=\u00bbcustom_link\u00bb link=\u00bbhttps:\/\/logos.edu.do\/wp21\/testimonios\/\u00bb][\/vc_column][\/vc_row][vc_row full_width=\u00bbstretch_row\u00bb disable_element=\u00bbyes\u00bb css=\u00bb.vc_custom_1663165858907{margin-bottom: 0px !important;padding-top: 35px !important;padding-bottom: 108px !important;background-image: url(http:\/\/logos.edu.do\/wp21\/wp-content\/uploads\/2021\/12\/fondoLogito01.jpg?id=3468) !important;}\u00bb][vc_column][stm_title title_align=\u00bbcenter\u00bb title_color=\u00bbcustom\u00bb sep_enable=\u00bbtrue\u00bb title=\u00bbVida escolar\u00bb title_custom_color=\u00bb#ffffff\u00bb title_color_custom=\u00bb#0e3a91&#8243; sep_margin_b=\u00bb60px\u00bb][\/stm_title][\/vc_column][\/vc_row][vc_row full_width=\u00bbstretch_row\u00bb disable_element=\u00bbyes\u00bb css=\u00bb.vc_custom_1663165808320{margin-top: 60px !important;padding-bottom: 82px !important;background-color: #ffffff !important;}\u00bb][vc_column css=\u00bb.vc_custom_1451025868208{padding-top: 0px !important;}\u00bb][vc_tta_tabs style=\u00bbflat\u00bb shape=\u00bbsquare\u00bb color=\u00bbblue\u00bb spacing=\u00bb\u00bb alignment=\u00bbcenter\u00bb active_section=\u00bb2&#8243; no_fill_content_area=\u00bbtrue\u00bb css=\u00bb.vc_custom_1643639391064{margin-top: -60px !important;}\u00bb][vc_tta_section title=\u00bbNoticias\u00bb tab_id=\u00bb1448978999611-58c38d24-95e35fe8-6d7a8dd7-46c2&#8243;][stm_posts posts_category=\u00bbarticulos-interesantes\u00bb css=\u00bb.vc_custom_1642392947640{margin-bottom: -18px !important;}\u00bb][vc_row_inner][vc_column_inner width=\u00bb1\/2&#8243; offset=\u00bbvc_col-xs-6&#8243;][stm_link link_icon_position=\u00bbright\u00bb link_icon_enable=\u00bbtrue\u00bb link=\u00bburl:%23&#8243; link_text=\u00bbLeer m\u00e1s art\u00edculos\u00bb][\/vc_column_inner][vc_column_inner width=\u00bb1\/2&#8243; offset=\u00bbvc_col-xs-6&#8243;][stm_subscribe_popup subscribe_form_id=\u00bb2874&#8243; launcher_alignment=\u00bbright\u00bb form_id=\u00bb2874&#8243; title=\u00bbSuscr\u00edbete a nuestros boletines\u00bb][\/vc_column_inner][\/vc_row_inner][\/vc_tta_section][vc_tta_section title=\u00bbCalendario\u00bb tab_id=\u00bb1454905877870-e78b601b-6fad5fe8-6d7a8dd7-46c2&#8243;][vc_row_inner css=\u00bb.vc_custom_1454908657442{margin-bottom: 52px !important;}\u00bb][vc_column_inner width=\u00bb1\/3&#8243;][stm_title title_tag=\u00bbh5&#8243; title=\u00bbEnero 2022&#8243; title_margin_b=\u00bb16px\u00bb][\/stm_title][stm_icon_box view_style=\u00bbstyle-2&#8243; icon_position=\u00bbleft\u00bb icon_color=\u00bbgreen\u00bb title=\u00bb17, Inicio de docencia\u00bb icon_fontawesome=\u00bbstm-icon stm-icon-calendar\u00bb][stm_icon_box view_style=\u00bbstyle-2&#8243; icon_position=\u00bbleft\u00bb icon_color=\u00bbgreen\u00bb title=\u00bb27, Asamblea General de Padres\u00bb icon_fontawesome=\u00bbstm-icon stm-icon-calendar\u00bb css=\u00bb.vc_custom_1643592489423{margin-bottom: 56px !important;}\u00bb][stm_title title_tag=\u00bbh5&#8243; title=\u00bbFebrero\u00bb title_margin_b=\u00bb16px\u00bb][\/stm_title][stm_icon_box view_style=\u00bbstyle-2&#8243; icon_position=\u00bbleft\u00bb icon_color=\u00bbgreen\u00bb title=\u00bb2, D\u00eda de oraci\u00f3n\u00bb icon_fontawesome=\u00bbstm-icon stm-icon-calendar\u00bb][stm_icon_box view_style=\u00bbstyle-2&#8243; icon_position=\u00bbleft\u00bb icon_color=\u00bbgreen\u00bb title=\u00bb3, Entrega de notas\u00bb icon_fontawesome=\u00bbstm-icon stm-icon-calendar\u00bb][stm_icon_box view_style=\u00bbstyle-2&#8243; icon_position=\u00bbleft\u00bb icon_color=\u00bbgreen\u00bb title=\u00bb25, Celebraci\u00f3n Independencia Nacional\u00bb icon_fontawesome=\u00bbstm-icon stm-icon-calendar\u00bb][stm_btn btn_text_align=\u00bbleft\u00bb btn_icon_enable=\u00bbtrue\u00bb btn_type=\u00bb\u00bb btn_link=\u00bburl:%23|title:Download%20Calendar|\u00bb btn_secondary_text=\u00bbAdobe Acrobat file, 123 \u041aB\u00bb icon_img_id=\u00bb3672&#8243;][stm_spacing xs_spacing=\u00bb30px\u00bb][\/vc_column_inner][vc_column_inner width=\u00bb1\/3&#8243;][stm_title title_tag=\u00bbh5&#8243; title=\u00bbMarzo 2022&#8243; title_margin_b=\u00bb16px\u00bb][\/stm_title][stm_icon_box view_style=\u00bbstyle-2&#8243; icon_position=\u00bbleft\u00bb icon_color=\u00bbgreen\u00bb title=\u00bb1, D\u00eda de oraci\u00f3n\u00bb icon_fontawesome=\u00bbstm-icon stm-icon-calendar\u00bb][stm_icon_box view_style=\u00bbstyle-2&#8243; icon_position=\u00bbleft\u00bb icon_color=\u00bbgreen\u00bb title=\u00bb4, Reuni\u00f3n de Facultad (No docente)\u00bb icon_fontawesome=\u00bbstm-icon stm-icon-calendar\u00bb][stm_icon_box view_style=\u00bbstyle-2&#8243; icon_position=\u00bbleft\u00bb icon_color=\u00bbgreen\u00bb title=\u00bb5, Cierre per\u00edodo de Admisiones para Familias Actuales\u00bb icon_fontawesome=\u00bbstm-icon stm-icon-calendar\u00bb][stm_icon_box view_style=\u00bbstyle-2&#8243; icon_position=\u00bbleft\u00bb icon_color=\u00bbgreen\u00bb title=\u00bb15-16, Feria de Matem\u00e1ticas\u00bb icon_fontawesome=\u00bbstm-icon stm-icon-calendar\u00bb][stm_icon_box view_style=\u00bbstyle-2&#8243; icon_position=\u00bbleft\u00bb icon_color=\u00bbgreen\u00bb title=\u00bb28-1, Proyecto R12&#8243; icon_fontawesome=\u00bbstm-icon stm-icon-calendar\u00bb css=\u00bb.vc_custom_1643593163658{margin-bottom: 56px !important;}\u00bb][stm_title title_tag=\u00bbh5&#8243; title=\u00bbAbril 2022&#8243; title_margin_b=\u00bb16px\u00bb][\/stm_title][stm_icon_box view_style=\u00bbstyle-2&#8243; icon_position=\u00bbleft\u00bb icon_color=\u00bbgreen\u00bb title=\u00bb5, D\u00eda de oraci\u00f3n\u00bb icon_fontawesome=\u00bbstm-icon stm-icon-calendar\u00bb][stm_icon_box view_style=\u00bbstyle-2&#8243; icon_position=\u00bbleft\u00bb icon_color=\u00bbgreen\u00bb title=\u00bb7, Entrega de notas\u00bb icon_fontawesome=\u00bbstm-icon stm-icon-calendar\u00bb][stm_icon_box view_style=\u00bbstyle-2&#8243; icon_position=\u00bbleft\u00bb icon_color=\u00bbgreen\u00bb title=\u00bb8, Escuela Abierta\u00bb icon_fontawesome=\u00bbstm-icon stm-icon-calendar\u00bb][stm_icon_box view_style=\u00bbstyle-2&#8243; icon_position=\u00bbleft\u00bb icon_color=\u00bbgreen\u00bb title=\u00bb11-15, Semana Santa\u00bb icon_fontawesome=\u00bbstm-icon stm-icon-calendar\u00bb][stm_icon_box view_style=\u00bbstyle-2&#8243; icon_position=\u00bbleft\u00bb icon_color=\u00bbgreen\u00bb title=\u00bb25-29, Semana Literaria\u00bb icon_fontawesome=\u00bbstm-icon stm-icon-calendar\u00bb][stm_spacing xs_spacing=\u00bb30px\u00bb][\/vc_column_inner][vc_column_inner width=\u00bb1\/3&#8243;][stm_title title_tag=\u00bbh5&#8243; title=\u00bbMayo 2022&#8243; title_margin_b=\u00bb16px\u00bb][\/stm_title][stm_icon_box view_style=\u00bbstyle-2&#8243; icon_position=\u00bbleft\u00bb icon_color=\u00bbgreen\u00bb title=\u00bb3, D\u00eda de oraci\u00f3n\u00bb icon_fontawesome=\u00bbstm-icon stm-icon-calendar\u00bb][stm_icon_box view_style=\u00bbstyle-2&#8243; icon_position=\u00bbleft\u00bb icon_color=\u00bbgreen\u00bb title=\u00bb6, Reuni\u00f3n de Facultad (No docente)\u00bb icon_fontawesome=\u00bbstm-icon stm-icon-calendar\u00bb][stm_icon_box view_style=\u00bbstyle-2&#8243; icon_position=\u00bbleft\u00bb icon_color=\u00bbgreen\u00bb title=\u00bb27, Celebraci\u00f3n D\u00eda de las Madres\u00bb icon_fontawesome=\u00bbstm-icon stm-icon-calendar\u00bb css=\u00bb.vc_custom_1643593581175{margin-bottom: 56px !important;}\u00bb][stm_title title_tag=\u00bbh5&#8243; title=\u00bbJunio 2022&#8243; title_margin_b=\u00bb16px\u00bb][\/stm_title][stm_icon_box view_style=\u00bbstyle-2&#8243; icon_position=\u00bbleft\u00bb icon_color=\u00bbgreen\u00bb title=\u00bb10, Final de docencia\u00bb icon_fontawesome=\u00bbstm-icon stm-icon-calendar\u00bb][stm_icon_box view_style=\u00bbstyle-2&#8243; icon_position=\u00bbleft\u00bb icon_color=\u00bbgreen\u00bb title=\u00bb16, Corpus Christi\u00bb icon_fontawesome=\u00bbstm-icon stm-icon-calendar\u00bb css=\u00bb.vc_custom_1643635991474{margin-bottom: 56px !important;}\u00bb][stm_spacing sm_spacing=\u00bb56px\u00bb xs_spacing=\u00bb56px\u00bb][stm_title title_tag=\u00bbh5&#8243; title=\u00bbJulio 2022&#8243; title_margin_b=\u00bb16px\u00bb][\/stm_title][stm_icon_box view_style=\u00bbstyle-2&#8243; icon_position=\u00bbleft\u00bb icon_color=\u00bbgreen\u00bb title=\u00bb1-31, Vacaciones personal docente\u00bb icon_fontawesome=\u00bbstm-icon stm-icon-calendar\u00bb css=\u00bb.vc_custom_1643594153381{margin-bottom: 16px !important;}\u00bb][\/vc_column_inner][\/vc_row_inner][stm_link link_icon_position=\u00bbright\u00bb link_icon_enable=\u00bbtrue\u00bb link=\u00bburl:http%3A%2F%2Fsmartyschool.stylemixthemes.com%2Facademic-calendar%2F||\u00bb link_text=\u00bbSee the full calendar\u00bb][\/vc_tta_section][\/vc_tta_tabs][\/vc_column][\/vc_row][vc_row full_width=\u00bbstretch_row\u00bb css=\u00bb.vc_custom_1757299324688{margin-bottom: 0px !important;padding-top: 39px !important;padding-bottom: 67px !important;background-image: url(https:\/\/logos.edu.do\/wp21\/wp-content\/uploads\/2025\/09\/pasillo01.jpg?id=4318) !important;background-position: center !important;background-repeat: no-repeat !important;background-size: cover !important;}\u00bb][vc_column][stm_title title_align=\u00bbcenter\u00bb title_color=\u00bbcustom\u00bb subtitle_color=\u00bbcustom\u00bb sep_enable=\u00bbtrue\u00bb subtitle_enable=\u00bbtrue\u00bb title=\u00bbLogros alcanzados\u00bb title_custom_color=\u00bb#ffffff\u00bb title_color_custom=\u00bb#ffffff\u00bb sub_title=\u00bbHere you can review some statistics about our School\u00bb subtitle_color_custom=\u00bb#ffffff\u00bb sep_css=\u00bbmargin-bottom:42px;\u00bb]Hasta aqu\u00ed nos ha tra\u00eddo el Se\u00f1or[\/stm_title][vc_row_inner][vc_column_inner width=\u00bb1\/4&#8243; offset=\u00bbvc_col-lg-3 vc_col-md-3 vc_col-xs-12&#8243;][stm_stats icon_type=\u00bbsvg\u00bb icon_color=\u00bbgreen\u00bb svg_animated=\u00bbtrue\u00bb count_grouping=\u00bbtrue\u00bb value=\u00bb689&#8243; desc=\u00bbEgresados\u00bb svg_id=\u00bb3349&#8243;][stm_spacing xs_spacing=\u00bb30px\u00bb][\/vc_column_inner][vc_column_inner width=\u00bb1\/4&#8243; offset=\u00bbvc_col-lg-3 vc_col-md-3 vc_col-xs-12&#8243;][stm_stats icon_type=\u00bbsvg\u00bb icon_color=\u00bbgreen\u00bb svg_animated=\u00bbtrue\u00bb count_grouping=\u00bbtrue\u00bb value=\u00bb40&#8243; desc=\u00bbSirviendo a la comunidad\u00bb count_separator=\u00bb,\u00bb svg_id=\u00bb3351&#8243; count_suffix=\u00bba\u00f1os\u00bb][stm_spacing xs_spacing=\u00bb30px\u00bb][\/vc_column_inner][vc_column_inner width=\u00bb1\/4&#8243; offset=\u00bbvc_col-lg-3 vc_col-md-3 vc_col-xs-12&#8243;][stm_stats icon_type=\u00bbsvg\u00bb icon_color=\u00bbgreen\u00bb svg_animated=\u00bbtrue\u00bb count_grouping=\u00bbtrue\u00bb value=\u00bb97&#8243; desc=\u00bbSe grad\u00faan de la universidad\u00bb count_suffix=\u00bb%\u00bb svg_id=\u00bb3352&#8243;][stm_spacing xs_spacing=\u00bb30px\u00bb][\/vc_column_inner][vc_column_inner width=\u00bb1\/4&#8243; offset=\u00bbvc_col-lg-3 vc_col-md-3 vc_col-xs-12&#8243;][stm_stats icon_type=\u00bbsvg\u00bb icon_color=\u00bbgreen\u00bb svg_animated=\u00bbtrue\u00bb count_grouping=\u00bbtrue\u00bb value=\u00bb32&#8243; desc=\u00bbPromociones\u00bb svg_id=\u00bb3353&#8243;][\/vc_column_inner][\/vc_row_inner][\/vc_column][\/vc_row][vc_row full_width=\u00bbstretch_row_content_no_spaces\u00bb disable_element=\u00bbyes\u00bb css=\u00bb.vc_custom_1642392673913{margin-bottom: 0px !important;padding-top: 70px !important;}\u00bb][vc_column][stm_title title_tag=\u00bbh2&#8243; title_align=\u00bbcenter\u00bb sep_enable=\u00bbtrue\u00bb title=\u00bbMedia\u00bb title_custom_color=\u00bb#ffffff\u00bb sep_css=\u00bbmargin-bottom:32px;\u00bb sep_margin_b=\u00bb32px\u00bb][\/stm_title][stm_gallery filter_enable=\u00bbtrue\u00bb][\/vc_column][\/vc_row][vc_row full_width=\u00bbstretch_row\u00bb css=\u00bb.vc_custom_1459850953652{margin-bottom: 66px !important;padding-top: 38px !important;padding-bottom: 22px !important;background-color: #f8f8f8 !important;}\u00bb][vc_column][stm_title title_tag=\u00bbh2&#8243; title_align=\u00bbcenter\u00bb sep_enable=\u00bbtrue\u00bb title=\u00bbReconocimientos y Afiliaciones\u00bb sep_css=\u00bbmargin-bottom:50px;\u00bb sep_line_css=\u00bbwidth:60px;height:2px;\u00bb title_font=\u00bbfont-weight:300;\u00bb title_margin=\u00bbmargin-bottom:50px;\u00bb sep_margin_b=\u00bb50px\u00bb][\/stm_title][stm_achievement stm_cat_certifications=\u00bbtrue\u00bb posts_count=\u00bb6&#8243; certifications=\u00bbtrue\u00bb][\/vc_column][\/vc_row][vc_row][vc_column][stm_spacing][\/vc_column][\/vc_row]<\/p>\n","protected":false},"excerpt":{"rendered":"<p>[vc_row css=\u00bb.vc_custom_1642431789868{background-color: #ffffff !important;}\u00bb][vc_column][rev_slider_vc alias=\u00bbslider-portada\u00bb][stm_spacing xs_spacing=\u00bb60px\u00bb sm_spacing=\u00bb60px\u00bb][\/vc_column][\/vc_row][vc_row css=\u00bb.vc_custom_1642439422415{margin-bottom: 20px !important;}\u00bb][vc_column][stm_call_to_action cta_border_color=\u00bbblue\u00bb cta_bg_color=\u00bbgreen\u00bb btn_link=\u00bburl:http%3A%2F%2Flogos.edu.do%2Fwp21%2Fconocenos%2F|title:Leer%20M%C3%A1s\u00bb title=\u00bbCon\u00f3cenos\u00bb image_id=\u00bb52&#8243; img_id=\u00bb4316&#8243; css=\u00bb.vc_custom_1757298558113{margin-top: -100px !important;border-top-width: 4px !important;border-top-style: solid !important;}\u00bb margin=\u00bbmargin-top:15px;margin-bottom:16px;\u00bb btn_enable=\u00bbtrue\u00bb img_enable=\u00bbtrue\u00bb btn_custom_style=\u00bbtrue\u00bb btn_icon_enable=\u00bbtrue\u00bb]Nuestra historia, misi\u00f3n, visi\u00f3n y valores. Conoce nuestra filosof\u00eda educativa y la metodolog\u00eda que usamos para apoyarte en la educaci\u00f3n de tus hijos.[\/stm_call_to_action][\/vc_column][\/vc_row][vc_row full_width=\u00bbstretch_row\u00bb css=\u00bb.vc_custom_1642439304340{background-color: #f2f2f2 !important;}\u00bb][vc_column width=\u00bb1\/2&#8243; [&hellip;]<\/p>\n","protected":false},"author":1,"featured_media":0,"parent":0,"menu_order":0,"comment_status":"closed","ping_status":"closed","template":"","meta":{"footnotes":""},"class_list":["post-3440","page","type-page","status-publish","hentry"],"_links":{"self":[{"href":"https:\/\/logos.edu.do\/wp21\/wp-json\/wp\/v2\/pages\/3440","targetHints":{"allow":["GET"]}}],"collection":[{"href":"https:\/\/logos.edu.do\/wp21\/wp-json\/wp\/v2\/pages"}],"about":[{"href":"https:\/\/logos.edu.do\/wp21\/wp-json\/wp\/v2\/types\/page"}],"author":[{"embeddable":true,"href":"https:\/\/logos.edu.do\/wp21\/wp-json\/wp\/v2\/users\/1"}],"replies":[{"embeddable":true,"href":"https:\/\/logos.edu.do\/wp21\/wp-json\/wp\/v2\/comments?post=3440"}],"version-history":[{"count":177,"href":"https:\/\/logos.edu.do\/wp21\/wp-json\/wp\/v2\/pages\/3440\/revisions"}],"predecessor-version":[{"id":4352,"href":"https:\/\/logos.edu.do\/wp21\/wp-json\/wp\/v2\/pages\/3440\/revisions\/4352"}],"wp:attachment":[{"href":"https:\/\/logos.edu.do\/wp21\/wp-json\/wp\/v2\/media?parent=3440"}],"curies":[{"name":"wp","href":"https:\/\/api.w.org\/{rel}","templated":true}]}}